{"id":1221,"date":"2021-11-28T16:53:41","date_gmt":"2021-11-28T16:53:41","guid":{"rendered":"https:\/\/stelahaus.com\/?page_id=1221"},"modified":"2025-05-08T08:28:41","modified_gmt":"2025-05-08T08:28:41","slug":"about-us","status":"publish","type":"page","link":"https:\/\/stelahaus.com\/hr\/o-nama\/","title":{"rendered":"O nama"},"content":{"rendered":"<div data-elementor-type=\"wp-page\" data-elementor-id=\"1221\" class=\"elementor elementor-1221\">\n\t\t\t\t\t\t<section class=\"elementor-section elementor-top-section elementor-element elementor-element-c367a81 elementor-section-boxed elementor-section-height-default elementor-section-height-default\" data-id=\"c367a81\" data-element_type=\"section\" data-e-type=\"section\" data-settings=\"{&quot;background_background&quot;:&quot;classic&quot;}\">\n\t\t\t\t\t\t<div class=\"elementor-container elementor-column-gap-default\">\n\t\t\t\t\t<div class=\"elementor-column elementor-col-100 elementor-top-column elementor-element elementor-element-ed55717\" data-id=\"ed55717\" data-element_type=\"column\" data-e-type=\"column\">\n\t\t\t<div class=\"elementor-widget-wrap elementor-element-populated\">\n\t\t\t\t\t\t<div class=\"elementor-element elementor-element-d398a1f elementor-widget elementor-widget-spacer\" data-id=\"d398a1f\" data-element_type=\"widget\" data-e-type=\"widget\" data-widget_type=\"spacer.default\">\n\t\t\t\t<div class=\"elementor-widget-container\">\n\t\t\t\t\t\t\t<div class=\"elementor-spacer\">\n\t\t\t<div class=\"elementor-spacer-inner\"><\/div>\n\t\t<\/div>\n\t\t\t\t\t\t<\/div>\n\t\t\t\t<\/div>\n\t\t\t\t<div class=\"elementor-element elementor-element-6533bab no-margin elementor-widget elementor-widget-heading\" data-id=\"6533bab\" data-element_type=\"widget\" data-e-type=\"widget\" data-widget_type=\"heading.default\">\n\t\t\t\t<div class=\"elementor-widget-container\">\n\t\t\t\t\t<h1 class=\"elementor-heading-title elementor-size-default\">O NAMA<\/h1>\t\t\t\t<\/div>\n\t\t\t\t<\/div>\n\t\t\t\t<div class=\"elementor-element elementor-element-7f0ced9 elementor-widget elementor-widget-text-editor\" data-id=\"7f0ced9\" data-element_type=\"widget\" data-e-type=\"widget\" data-widget_type=\"text-editor.default\">\n\t\t\t\t<div class=\"elementor-widget-container\">\n\t\t\t\t\t\t\t\t\tStela Haus je tvrtka koja se bavi projektiranjem, proizvodnjom i monta\u017eom niskoenergetskih i pasivnih monta\u017enih ku\u0107a.<br>Cilj tvrtke je zadovoljiti potrebe kupaca i osigurati im do\u017eivotno kvalitetne ku\u0107e.\t\t\t\t\t\t\t\t<\/div>\n\t\t\t\t<\/div>\n\t\t\t\t<div class=\"elementor-element elementor-element-31e3965 elementor-widget elementor-widget-spacer\" data-id=\"31e3965\" data-element_type=\"widget\" data-e-type=\"widget\" data-widget_type=\"spacer.default\">\n\t\t\t\t<div class=\"elementor-widget-container\">\n\t\t\t\t\t\t\t<div class=\"elementor-spacer\">\n\t\t\t<div class=\"elementor-spacer-inner\"><\/div>\n\t\t<\/div>\n\t\t\t\t\t\t<\/div>\n\t\t\t\t<\/div>\n\t\t\t\t\t<\/div>\n\t\t<\/div>\n\t\t\t\t\t<\/div>\n\t\t<\/section>\n\t\t\t\t<section class=\"elementor-section elementor-top-section elementor-element elementor-element-5786f25 elementor-section-boxed elementor-section-height-default elementor-section-height-default\" data-id=\"5786f25\" data-element_type=\"section\" data-e-type=\"section\" data-settings=\"{&quot;background_background&quot;:&quot;classic&quot;}\">\n\t\t\t\t\t\t<div class=\"elementor-container elementor-column-gap-default\">\n\t\t\t\t\t<div class=\"elementor-column elementor-col-50 elementor-top-column elementor-element elementor-element-0948aeb\" data-id=\"0948aeb\" data-element_type=\"column\" data-e-type=\"column\">\n\t\t\t<div class=\"elementor-widget-wrap elementor-element-populated\">\n\t\t\t\t\t\t<div class=\"elementor-element elementor-element-3664105 elementor-widget elementor-widget-spacer\" data-id=\"3664105\" data-element_type=\"widget\" data-e-type=\"widget\" data-widget_type=\"spacer.default\">\n\t\t\t\t<div class=\"elementor-widget-container\">\n\t\t\t\t\t\t\t<div class=\"elementor-spacer\">\n\t\t\t<div class=\"elementor-spacer-inner\"><\/div>\n\t\t<\/div>\n\t\t\t\t\t\t<\/div>\n\t\t\t\t<\/div>\n\t\t\t\t<div class=\"elementor-element elementor-element-a7db1ff no-margin animated-slow elementor-invisible elementor-widget elementor-widget-heading\" data-id=\"a7db1ff\" data-element_type=\"widget\" data-e-type=\"widget\" data-settings=\"{&quot;_animation&quot;:&quot;fadeInLeft&quot;,&quot;_animation_delay&quot;:400}\" data-widget_type=\"heading.default\">\n\t\t\t\t<div class=\"elementor-widget-container\">\n\t\t\t\t\t<h2 class=\"elementor-heading-title elementor-size-default\">Monta\u017ene Ku\u0107e<br><span style=\"color: #a6ce39\">DIZAJNIRANE<\/span><br>Po Mjeri<\/h2>\t\t\t\t<\/div>\n\t\t\t\t<\/div>\n\t\t\t\t<div class=\"elementor-element elementor-element-5f06379 elementor-widget elementor-widget-spacer\" data-id=\"5f06379\" data-element_type=\"widget\" data-e-type=\"widget\" data-widget_type=\"spacer.default\">\n\t\t\t\t<div class=\"elementor-widget-container\">\n\t\t\t\t\t\t\t<div class=\"elementor-spacer\">\n\t\t\t<div class=\"elementor-spacer-inner\"><\/div>\n\t\t<\/div>\n\t\t\t\t\t\t<\/div>\n\t\t\t\t<\/div>\n\t\t\t\t\t<\/div>\n\t\t<\/div>\n\t\t\t\t<div class=\"elementor-column elementor-col-50 elementor-top-column elementor-element elementor-element-80cb62b\" data-id=\"80cb62b\" data-element_type=\"column\" data-e-type=\"column\" data-settings=\"{&quot;background_background&quot;:&quot;classic&quot;}\">\n\t\t\t<div class=\"elementor-widget-wrap\">\n\t\t\t\t\t\t\t<\/div>\n\t\t<\/div>\n\t\t\t\t\t<\/div>\n\t\t<\/section>\n\t\t\t\t<section class=\"elementor-section elementor-top-section elementor-element elementor-element-7fcc247 elementor-section-boxed elementor-section-height-default elementor-section-height-default\" data-id=\"7fcc247\" data-element_type=\"section\" data-e-type=\"section\" data-settings=\"{&quot;background_background&quot;:&quot;classic&quot;}\">\n\t\t\t\t\t\t<div class=\"elementor-container elementor-column-gap-default\">\n\t\t\t\t\t<div class=\"elementor-column elementor-col-50 elementor-top-column elementor-element elementor-element-c5dbada\" data-id=\"c5dbada\" data-element_type=\"column\" data-e-type=\"column\">\n\t\t\t<div class=\"elementor-widget-wrap elementor-element-populated\">\n\t\t\t\t\t\t<div class=\"elementor-element elementor-element-319663b no-margin elementor-widget elementor-widget-heading\" data-id=\"319663b\" data-element_type=\"widget\" data-e-type=\"widget\" data-widget_type=\"heading.default\">\n\t\t\t\t<div class=\"elementor-widget-container\">\n\t\t\t\t\t<h2 class=\"elementor-heading-title elementor-size-default\">Misija<\/h2>\t\t\t\t<\/div>\n\t\t\t\t<\/div>\n\t\t\t\t<div class=\"elementor-element elementor-element-0805b84 elementor-hidden-mobile elementor-widget elementor-widget-spacer\" data-id=\"0805b84\" data-element_type=\"widget\" data-e-type=\"widget\" data-widget_type=\"spacer.default\">\n\t\t\t\t<div class=\"elementor-widget-container\">\n\t\t\t\t\t\t\t<div class=\"elementor-spacer\">\n\t\t\t<div class=\"elementor-spacer-inner\"><\/div>\n\t\t<\/div>\n\t\t\t\t\t\t<\/div>\n\t\t\t\t<\/div>\n\t\t\t\t\t<\/div>\n\t\t<\/div>\n\t\t\t\t<div class=\"elementor-column elementor-col-50 elementor-top-column elementor-element elementor-element-0ae0c13\" data-id=\"0ae0c13\" data-element_type=\"column\" data-e-type=\"column\">\n\t\t\t<div class=\"elementor-widget-wrap elementor-element-populated\">\n\t\t\t\t\t\t<div class=\"elementor-element elementor-element-ed94085 elementor-widget elementor-widget-text-editor\" data-id=\"ed94085\" data-element_type=\"widget\" data-e-type=\"widget\" data-widget_type=\"text-editor.default\">\n\t\t\t\t<div class=\"elementor-widget-container\">\n\t\t\t\t\t\t\t\t\tNa\u0161a misija je Va\u0161 dom iz snova pretvoriti u stvarnost, osiguravaju\u0107i da on bude visokokvalitetan i odr\u017eiv dom izra\u0111en prema Va\u0161im potrebama.<br><br>\nNa\u0161 tim \u010dine motivirani profesionalci koji imaju dugogodi\u0161nje iskustvo u izradi, projektiranju, proizvodnji i monta\u017ei niskoenergetskih i pasivnih monta\u017enih ku\u0107a.\t\t\t\t\t\t\t\t<\/div>\n\t\t\t\t<\/div>\n\t\t\t\t<div class=\"elementor-element elementor-element-174e740 elementor-hidden-mobile elementor-widget elementor-widget-spacer\" data-id=\"174e740\" data-element_type=\"widget\" data-e-type=\"widget\" data-widget_type=\"spacer.default\">\n\t\t\t\t<div class=\"elementor-widget-container\">\n\t\t\t\t\t\t\t<div class=\"elementor-spacer\">\n\t\t\t<div class=\"elementor-spacer-inner\"><\/div>\n\t\t<\/div>\n\t\t\t\t\t\t<\/div>\n\t\t\t\t<\/div>\n\t\t\t\t\t<\/div>\n\t\t<\/div>\n\t\t\t\t\t<\/div>\n\t\t<\/section>\n\t\t\t\t<section class=\"elementor-section elementor-top-section elementor-element elementor-element-68819bc elementor-section-boxed elementor-section-height-default elementor-section-height-default\" data-id=\"68819bc\" data-element_type=\"section\" data-e-type=\"section\">\n\t\t\t\t\t\t<div class=\"elementor-container elementor-column-gap-default\">\n\t\t\t\t\t<div class=\"elementor-column elementor-col-50 elementor-top-column elementor-element elementor-element-af8c585\" data-id=\"af8c585\" data-element_type=\"column\" data-e-type=\"column\">\n\t\t\t<div class=\"elementor-widget-wrap elementor-element-populated\">\n\t\t\t\t\t\t<div class=\"elementor-element elementor-element-49cd035 no-margin elementor-widget elementor-widget-heading\" data-id=\"49cd035\" data-element_type=\"widget\" data-e-type=\"widget\" data-widget_type=\"heading.default\">\n\t\t\t\t<div class=\"elementor-widget-container\">\n\t\t\t\t\t<h2 class=\"elementor-heading-title elementor-size-default\">Vizija<\/h2>\t\t\t\t<\/div>\n\t\t\t\t<\/div>\n\t\t\t\t\t<\/div>\n\t\t<\/div>\n\t\t\t\t<div class=\"elementor-column elementor-col-50 elementor-top-column elementor-element elementor-element-04f3a3d\" data-id=\"04f3a3d\" data-element_type=\"column\" data-e-type=\"column\">\n\t\t\t<div class=\"elementor-widget-wrap elementor-element-populated\">\n\t\t\t\t\t\t<div class=\"elementor-element elementor-element-2664756 elementor-widget elementor-widget-text-editor\" data-id=\"2664756\" data-element_type=\"widget\" data-e-type=\"widget\" data-widget_type=\"text-editor.default\">\n\t\t\t\t<div class=\"elementor-widget-container\">\n\t\t\t\t\t\t\t\t\t<p>Na\u0161a vizija je stalno postavljati visoke standarde u podru\u010dju gradnje, poslovanja, kreativnosti i inovativnosti.<\/p><p>Ne \u017eelimo samo pratiti standarde i trendove, ve\u0107 ih uvoditi i biti sinonim za kvalitetne inovacije.<\/p><p>Stela Haus neprekidno pokazuje napredak u razvoju i pristupa\u010dnosti.<\/p><p>Na\u0161 na\u010din komunikacije s potencijalnim klijentima i vrijeme koje im posve\u0107ujemo daju nam status <strong>najpo\u017eeljnijeg poslovnog partnera.<\/strong><\/p><p>\u017delimo graditi dugoro\u010dna partnerstva.<\/p>\t\t\t\t\t\t\t\t<\/div>\n\t\t\t\t<\/div>\n\t\t\t\t\t<\/div>\n\t\t<\/div>\n\t\t\t\t\t<\/div>\n\t\t<\/section>\n\t\t\t\t<section class=\"elementor-section elementor-top-section elementor-element elementor-element-3bbcb93 elementor-section-boxed elementor-section-height-default elementor-section-height-default\" data-id=\"3bbcb93\" data-element_type=\"section\" data-e-type=\"section\" data-settings=\"{&quot;background_background&quot;:&quot;classic&quot;}\">\n\t\t\t\t\t\t<div class=\"elementor-container elementor-column-gap-default\">\n\t\t\t\t\t<div class=\"elementor-column elementor-col-100 elementor-top-column elementor-element elementor-element-33362b8\" data-id=\"33362b8\" data-element_type=\"column\" data-e-type=\"column\">\n\t\t\t<div class=\"elementor-widget-wrap elementor-element-populated\">\n\t\t\t\t\t\t<div class=\"elementor-element elementor-element-cc7b94c no-margin elementor-widget elementor-widget-heading\" data-id=\"cc7b94c\" data-element_type=\"widget\" data-e-type=\"widget\" data-widget_type=\"heading.default\">\n\t\t\t\t<div class=\"elementor-widget-container\">\n\t\t\t\t\t<h2 class=\"elementor-heading-title elementor-size-default translation-block\">Visokokvalitetni monta\u017eni <br>domovi po mjeri<\/h2>\t\t\t\t<\/div>\n\t\t\t\t<\/div>\n\t\t\t\t<div class=\"elementor-element elementor-element-b7d3619 elementor-align-center elementor-widget elementor-widget-button\" data-id=\"b7d3619\" data-element_type=\"widget\" data-e-type=\"widget\" data-widget_type=\"button.default\">\n\t\t\t\t<div class=\"elementor-widget-container\">\n\t\t\t\t\t\t\t\t\t<div class=\"elementor-button-wrapper\">\n\t\t\t\t\t<a class=\"elementor-button elementor-button-link elementor-size-sm\" href=\"https:\/\/stelahaus.com\/hr\/contact\/\">\n\t\t\t\t\t\t<span class=\"elementor-button-content-wrapper\">\n\t\t\t\t\t\t\t\t\t<span class=\"elementor-button-text\">Dogovorite sastanak<\/span>\n\t\t\t\t\t<\/span>\n\t\t\t\t\t<\/a>\n\t\t\t\t<\/div>\n\t\t\t\t\t\t\t\t<\/div>\n\t\t\t\t<\/div>\n\t\t\t\t\t<\/div>\n\t\t<\/div>\n\t\t\t\t\t<\/div>\n\t\t<\/section>\n\t\t\t\t<\/div>","protected":false},"excerpt":{"rendered":"<p>ABOUT US Stela Haus is a company that provides, design, manufactures and installs low &#8211; energy and passive prefabricated houses.The goal of the company is to meet the customers&#8217; needs and provide them lifetime quality houses. Customdesignedhouse Mission Our mission is to build your dream by providing you with a custom made, high quality and [&hellip;]<\/p>\n","protected":false},"author":1,"featured_media":0,"parent":0,"menu_order":0,"comment_status":"closed","ping_status":"closed","template":"","meta":{"ocean_post_layout":"full-screen","ocean_both_sidebars_style":"","ocean_both_sidebars_content_width":0,"ocean_both_sidebars_sidebars_width":0,"ocean_sidebar":"","ocean_second_sidebar":"","ocean_disable_margins":"enable","ocean_add_body_class":"","ocean_shortcode_before_top_bar":"","ocean_shortcode_after_top_bar":"","ocean_shortcode_before_header":"","ocean_shortcode_after_header":"","ocean_has_shortcode":"","ocean_shortcode_after_title":"","ocean_shortcode_before_footer_widgets":"","ocean_shortcode_after_footer_widgets":"","ocean_shortcode_before_footer_bottom":"","ocean_shortcode_after_footer_bottom":"","ocean_display_top_bar":"default","ocean_display_header":"default","ocean_header_style":"","ocean_center_header_left_menu":"","ocean_custom_header_template":"","ocean_custom_logo":0,"ocean_custom_retina_logo":0,"ocean_custom_logo_max_width":0,"ocean_custom_logo_tablet_max_width":0,"ocean_custom_logo_mobile_max_width":0,"ocean_custom_logo_max_height":0,"ocean_custom_logo_tablet_max_height":0,"ocean_custom_logo_mobile_max_height":0,"ocean_header_custom_menu":"","ocean_menu_typo_font_family":"","ocean_menu_typo_font_subset":"","ocean_menu_typo_font_size":0,"ocean_menu_typo_font_size_tablet":0,"ocean_menu_typo_font_size_mobile":0,"ocean_menu_typo_font_size_unit":"px","ocean_menu_typo_font_weight":"","ocean_menu_typo_font_weight_tablet":"","ocean_menu_typo_font_weight_mobile":"","ocean_menu_typo_transform":"","ocean_menu_typo_transform_tablet":"","ocean_menu_typo_transform_mobile":"","ocean_menu_typo_line_height":0,"ocean_menu_typo_line_height_tablet":0,"ocean_menu_typo_line_height_mobile":0,"ocean_menu_typo_line_height_unit":"","ocean_menu_typo_spacing":0,"ocean_menu_typo_spacing_tablet":0,"ocean_menu_typo_spacing_mobile":0,"ocean_menu_typo_spacing_unit":"","ocean_menu_link_color":"","ocean_menu_link_color_hover":"","ocean_menu_link_color_active":"","ocean_menu_link_background":"","ocean_menu_link_hover_background":"","ocean_menu_link_active_background":"","ocean_menu_social_links_bg":"","ocean_menu_social_hover_links_bg":"","ocean_menu_social_links_color":"","ocean_menu_social_hover_links_color":"","ocean_disable_title":"default","ocean_disable_heading":"default","ocean_post_title":"","ocean_post_subheading":"","ocean_post_title_style":"","ocean_post_title_background_color":"","ocean_post_title_background":0,"ocean_post_title_bg_image_position":"","ocean_post_title_bg_image_attachment":"","ocean_post_title_bg_image_repeat":"","ocean_post_title_bg_image_size":"","ocean_post_title_height":0,"ocean_post_title_bg_overlay":0.5,"ocean_post_title_bg_overlay_color":"","ocean_disable_breadcrumbs":"default","ocean_breadcrumbs_color":"","ocean_breadcrumbs_separator_color":"","ocean_breadcrumbs_links_color":"","ocean_breadcrumbs_links_hover_color":"","ocean_display_footer_widgets":"default","ocean_display_footer_bottom":"default","ocean_custom_footer_template":"","footnotes":""},"class_list":["post-1221","page","type-page","status-publish","hentry","entry"],"yoast_head":"<!-- This site is optimized with the Yoast SEO plugin v27.5 - https:\/\/yoast.com\/product\/yoast-seo-wordpress\/ -->\n<title>O Nas - Stela Haus d.o.o.<\/title>\n<meta name=\"description\" content=\"Stela Haus d.o.o. na\u010drtuje, proizvaja in montira visokokakovostne monta\u017ene hi\u0161e po meri. Najbolj\u0161i odnos cene in kvalitete v Sloveniji.\" \/>\n<meta name=\"robots\" content=\"index, follow, max-snippet:-1, max-image-preview:large, max-video-preview:-1\" \/>\n<link rel=\"canonical\" href=\"https:\/\/stelahaus.com\/hr\/o-nama\/\" \/>\n<meta property=\"og:locale\" content=\"hr_HR\" \/>\n<meta property=\"og:type\" content=\"article\" \/>\n<meta property=\"og:title\" content=\"O Nas - Stela Haus d.o.o.\" \/>\n<meta property=\"og:description\" content=\"Stela Haus d.o.o. na\u010drtuje, proizvaja in montira visokokakovostne monta\u017ene hi\u0161e po meri. Najbolj\u0161i odnos cene in kvalitete v Sloveniji.\" \/>\n<meta property=\"og:url\" content=\"https:\/\/stelahaus.com\/hr\/o-nama\/\" \/>\n<meta property=\"og:site_name\" content=\"Monta\u017ene Hi\u0161e - Stela Haus\" \/>\n<meta property=\"article:publisher\" content=\"https:\/\/www.facebook.com\/stelahausslovenija\" \/>\n<meta property=\"article:modified_time\" content=\"2025-05-08T08:28:41+00:00\" \/>\n<meta name=\"twitter:card\" content=\"summary_large_image\" \/>\n<meta name=\"twitter:label1\" content=\"Procijenjeno vrijeme \u010ditanja\" \/>\n\t<meta name=\"twitter:data1\" content=\"1 minuta\" \/>\n<script type=\"application\/ld+json\" class=\"yoast-schema-graph\">{\"@context\":\"https:\\\/\\\/schema.org\",\"@graph\":[{\"@type\":\"WebPage\",\"@id\":\"https:\\\/\\\/stelahaus.com\\\/about-us\\\/\",\"url\":\"https:\\\/\\\/stelahaus.com\\\/about-us\\\/\",\"name\":\"O Nas - Stela Haus d.o.o.\",\"isPartOf\":{\"@id\":\"https:\\\/\\\/stelahaus.com\\\/hr\\\/#website\"},\"datePublished\":\"2021-11-28T16:53:41+00:00\",\"dateModified\":\"2025-05-08T08:28:41+00:00\",\"description\":\"Stela Haus d.o.o. na\u010drtuje, proizvaja in montira visokokakovostne monta\u017ene hi\u0161e po meri. Najbolj\u0161i odnos cene in kvalitete v Sloveniji.\",\"breadcrumb\":{\"@id\":\"https:\\\/\\\/stelahaus.com\\\/about-us\\\/#breadcrumb\"},\"inLanguage\":\"hr\",\"potentialAction\":[{\"@type\":\"ReadAction\",\"target\":[\"https:\\\/\\\/stelahaus.com\\\/about-us\\\/\"]}]},{\"@type\":\"BreadcrumbList\",\"@id\":\"https:\\\/\\\/stelahaus.com\\\/about-us\\\/#breadcrumb\",\"itemListElement\":[{\"@type\":\"ListItem\",\"position\":1,\"name\":\"Home\",\"item\":\"https:\\\/\\\/stelahaus.com\\\/en\\\/\"},{\"@type\":\"ListItem\",\"position\":2,\"name\":\"About us\"}]},{\"@type\":\"WebSite\",\"@id\":\"https:\\\/\\\/stelahaus.com\\\/hr\\\/#website\",\"url\":\"https:\\\/\\\/stelahaus.com\\\/hr\\\/\",\"name\":\"Stela Haus\",\"description\":\"Stela Haus d.o.o. na\u010drtuje, proizvaja in montira visokokakovostne monta\u017ene hi\u0161e po meri. Specializirani smo za nizkoenergijske in pasivne domove, ki zdru\u017eujejo sodoben dizajn, trajnost in udobje.\",\"publisher\":{\"@id\":\"https:\\\/\\\/stelahaus.com\\\/hr\\\/#organization\"},\"potentialAction\":[{\"@type\":\"SearchAction\",\"target\":{\"@type\":\"EntryPoint\",\"urlTemplate\":\"https:\\\/\\\/stelahaus.com\\\/hr\\\/?s={search_term_string}\"},\"query-input\":{\"@type\":\"PropertyValueSpecification\",\"valueRequired\":true,\"valueName\":\"search_term_string\"}}],\"inLanguage\":\"hr\"},{\"@type\":\"Organization\",\"@id\":\"https:\\\/\\\/stelahaus.com\\\/hr\\\/#organization\",\"name\":\"Stela Haus\",\"url\":\"https:\\\/\\\/stelahaus.com\\\/hr\\\/\",\"logo\":{\"@type\":\"ImageObject\",\"inLanguage\":\"hr\",\"@id\":\"https:\\\/\\\/stelahaus.com\\\/hr\\\/#\\\/schema\\\/logo\\\/image\\\/\",\"url\":\"https:\\\/\\\/stelahaus.com\\\/wp-content\\\/uploads\\\/2022\\\/02\\\/Stela-haus-FINAL-LOGO-02.svg\",\"contentUrl\":\"https:\\\/\\\/stelahaus.com\\\/wp-content\\\/uploads\\\/2022\\\/02\\\/Stela-haus-FINAL-LOGO-02.svg\",\"caption\":\"Stela Haus\"},\"image\":{\"@id\":\"https:\\\/\\\/stelahaus.com\\\/hr\\\/#\\\/schema\\\/logo\\\/image\\\/\"},\"sameAs\":[\"https:\\\/\\\/www.facebook.com\\\/stelahausslovenija\",\"https:\\\/\\\/www.linkedin.com\\\/company\\\/stela-haus\"]}]}<\/script>\n<!-- \/ Yoast SEO plugin. -->","yoast_head_json":{"title":"O Nas - Stela Haus d.o.o.","description":"Stela Haus d.o.o. na\u010drtuje, proizvaja in montira visokokakovostne monta\u017ene hi\u0161e po meri. Najbolj\u0161i odnos cene in kvalitete v Sloveniji.","robots":{"index":"index","follow":"follow","max-snippet":"max-snippet:-1","max-image-preview":"max-image-preview:large","max-video-preview":"max-video-preview:-1"},"canonical":"https:\/\/stelahaus.com\/hr\/o-nama\/","og_locale":"hr_HR","og_type":"article","og_title":"O Nas - Stela Haus d.o.o.","og_description":"Stela Haus d.o.o. na\u010drtuje, proizvaja in montira visokokakovostne monta\u017ene hi\u0161e po meri. Najbolj\u0161i odnos cene in kvalitete v Sloveniji.","og_url":"https:\/\/stelahaus.com\/hr\/o-nama\/","og_site_name":"Monta\u017ene Hi\u0161e - Stela Haus","article_publisher":"https:\/\/www.facebook.com\/stelahausslovenija","article_modified_time":"2025-05-08T08:28:41+00:00","twitter_card":"summary_large_image","twitter_misc":{"Procijenjeno vrijeme \u010ditanja":"1 minuta"},"schema":{"@context":"https:\/\/schema.org","@graph":[{"@type":"WebPage","@id":"https:\/\/stelahaus.com\/about-us\/","url":"https:\/\/stelahaus.com\/about-us\/","name":"O Nas - Stela Haus d.o.o.","isPartOf":{"@id":"https:\/\/stelahaus.com\/hr\/#website"},"datePublished":"2021-11-28T16:53:41+00:00","dateModified":"2025-05-08T08:28:41+00:00","description":"Stela Haus d.o.o. na\u010drtuje, proizvaja in montira visokokakovostne monta\u017ene hi\u0161e po meri. Najbolj\u0161i odnos cene in kvalitete v Sloveniji.","breadcrumb":{"@id":"https:\/\/stelahaus.com\/about-us\/#breadcrumb"},"inLanguage":"hr","potentialAction":[{"@type":"ReadAction","target":["https:\/\/stelahaus.com\/about-us\/"]}]},{"@type":"BreadcrumbList","@id":"https:\/\/stelahaus.com\/about-us\/#breadcrumb","itemListElement":[{"@type":"ListItem","position":1,"name":"Home","item":"https:\/\/stelahaus.com\/en\/"},{"@type":"ListItem","position":2,"name":"About us"}]},{"@type":"WebSite","@id":"https:\/\/stelahaus.com\/hr\/#website","url":"https:\/\/stelahaus.com\/hr\/","name":"Stela Haus","description":"Stela Haus d.o.o. na\u010drtuje, proizvaja in montira visokokakovostne monta\u017ene hi\u0161e po meri. Specializirani smo za nizkoenergijske in pasivne domove, ki zdru\u017eujejo sodoben dizajn, trajnost in udobje.","publisher":{"@id":"https:\/\/stelahaus.com\/hr\/#organization"},"potentialAction":[{"@type":"SearchAction","target":{"@type":"EntryPoint","urlTemplate":"https:\/\/stelahaus.com\/hr\/?s={search_term_string}"},"query-input":{"@type":"PropertyValueSpecification","valueRequired":true,"valueName":"search_term_string"}}],"inLanguage":"hr"},{"@type":"Organization","@id":"https:\/\/stelahaus.com\/hr\/#organization","name":"Stela Haus","url":"https:\/\/stelahaus.com\/hr\/","logo":{"@type":"ImageObject","inLanguage":"hr","@id":"https:\/\/stelahaus.com\/hr\/#\/schema\/logo\/image\/","url":"https:\/\/stelahaus.com\/wp-content\/uploads\/2022\/02\/Stela-haus-FINAL-LOGO-02.svg","contentUrl":"https:\/\/stelahaus.com\/wp-content\/uploads\/2022\/02\/Stela-haus-FINAL-LOGO-02.svg","caption":"Stela Haus"},"image":{"@id":"https:\/\/stelahaus.com\/hr\/#\/schema\/logo\/image\/"},"sameAs":["https:\/\/www.facebook.com\/stelahausslovenija","https:\/\/www.linkedin.com\/company\/stela-haus"]}]}},"_links":{"self":[{"href":"https:\/\/stelahaus.com\/hr\/wp-json\/wp\/v2\/pages\/1221","targetHints":{"allow":["GET"]}}],"collection":[{"href":"https:\/\/stelahaus.com\/hr\/wp-json\/wp\/v2\/pages"}],"about":[{"href":"https:\/\/stelahaus.com\/hr\/wp-json\/wp\/v2\/types\/page"}],"author":[{"embeddable":true,"href":"https:\/\/stelahaus.com\/hr\/wp-json\/wp\/v2\/users\/1"}],"replies":[{"embeddable":true,"href":"https:\/\/stelahaus.com\/hr\/wp-json\/wp\/v2\/comments?post=1221"}],"version-history":[{"count":0,"href":"https:\/\/stelahaus.com\/hr\/wp-json\/wp\/v2\/pages\/1221\/revisions"}],"wp:attachment":[{"href":"https:\/\/stelahaus.com\/hr\/wp-json\/wp\/v2\/media?parent=1221"}],"curies":[{"name":"wp","href":"https:\/\/api.w.org\/{rel}","templated":true}]}}