{"id":2571,"date":"2022-01-27T20:50:20","date_gmt":"2022-01-27T20:50:20","guid":{"rendered":"https:\/\/stelahaus.com\/?page_id=2571"},"modified":"2022-01-27T21:07:21","modified_gmt":"2022-01-27T21:07:21","slug":"project-gomboc","status":"publish","type":"page","link":"https:\/\/stelahaus.com\/en\/project-gomboc\/","title":{"rendered":"Project Gomboc"},"content":{"rendered":"\t\t<div data-elementor-type=\"wp-page\" data-elementor-id=\"2571\" class=\"elementor elementor-2571\">\n\t\t\t\t\t\t<section class=\"elementor-section elementor-top-section elementor-element elementor-element-e082a88 elementor-section-boxed elementor-section-height-default elementor-section-height-default\" data-id=\"e082a88\" data-element_type=\"section\" data-settings=\"{&quot;background_background&quot;:&quot;classic&quot;}\">\n\t\t\t\t\t\t<div class=\"elementor-container elementor-column-gap-default\">\n\t\t\t\t\t<div class=\"elementor-column elementor-col-100 elementor-top-column elementor-element elementor-element-64c0579\" data-id=\"64c0579\" data-element_type=\"column\">\n\t\t\t<div class=\"elementor-widget-wrap elementor-element-populated\">\n\t\t\t\t\t\t<div class=\"elementor-element elementor-element-70f1e5e elementor-widget elementor-widget-spacer\" data-id=\"70f1e5e\" data-element_type=\"widget\" data-widget_type=\"spacer.default\">\n\t\t\t\t<div class=\"elementor-widget-container\">\n\t\t\t\t\t\t\t<div class=\"elementor-spacer\">\n\t\t\t<div class=\"elementor-spacer-inner\"><\/div>\n\t\t<\/div>\n\t\t\t\t\t\t<\/div>\n\t\t\t\t<\/div>\n\t\t\t\t<div class=\"elementor-element elementor-element-28819e7 elementor-widget elementor-widget-heading\" data-id=\"28819e7\" data-element_type=\"widget\" data-widget_type=\"heading.default\">\n\t\t\t\t<div class=\"elementor-widget-container\">\n\t\t\t\t\t<h3 class=\"elementor-heading-title elementor-size-default\">Project Gomboc<br><\/h3>\t\t\t\t<\/div>\n\t\t\t\t<\/div>\n\t\t\t\t<div class=\"elementor-element elementor-element-4cdff22 elementor-widget elementor-widget-spacer\" data-id=\"4cdff22\" data-element_type=\"widget\" data-widget_type=\"spacer.default\">\n\t\t\t\t<div class=\"elementor-widget-container\">\n\t\t\t\t\t\t\t<div class=\"elementor-spacer\">\n\t\t\t<div class=\"elementor-spacer-inner\"><\/div>\n\t\t<\/div>\n\t\t\t\t\t\t<\/div>\n\t\t\t\t<\/div>\n\t\t\t\t\t<\/div>\n\t\t<\/div>\n\t\t\t\t\t<\/div>\n\t\t<\/section>\n\t\t\t\t<section class=\"elementor-section elementor-top-section elementor-element elementor-element-74e00a1 elementor-section-boxed elementor-section-height-default elementor-section-height-default\" data-id=\"74e00a1\" data-element_type=\"section\">\n\t\t\t\t\t\t<div class=\"elementor-container elementor-column-gap-default\">\n\t\t\t\t\t<div class=\"elementor-column elementor-col-100 elementor-top-column elementor-element elementor-element-1625c6a\" data-id=\"1625c6a\" data-element_type=\"column\">\n\t\t\t<div class=\"elementor-widget-wrap elementor-element-populated\">\n\t\t\t\t\t\t<div class=\"elementor-element elementor-element-f579192 elementor-widget elementor-widget-image\" data-id=\"f579192\" data-element_type=\"widget\" data-widget_type=\"image.default\">\n\t\t\t\t<div class=\"elementor-widget-container\">\n\t\t\t\t\t\t\t\t\t\t\t\t\t\t\t\t<a href=\"https:\/\/stelahaus.com\/wp-content\/uploads\/2022\/01\/DJI_0288.jpg\" data-elementor-open-lightbox=\"yes\" data-elementor-lightbox-title=\"DJI_0288\" data-e-action-hash=\"#elementor-action%3Aaction%3Dlightbox%26settings%3DeyJpZCI6MjU2NywidXJsIjoiaHR0cHM6XC9cL3N0ZWxhaGF1cy5jb21cL3dwLWNvbnRlbnRcL3VwbG9hZHNcLzIwMjJcLzAxXC9ESklfMDI4OC5qcGcifQ%3D%3D\">\n\t\t\t\t\t\t\t<img fetchpriority=\"high\" decoding=\"async\" width=\"1280\" height=\"720\" src=\"https:\/\/stelahaus.com\/wp-content\/uploads\/2022\/01\/DJI_0288.jpg\" class=\"attachment-full size-full wp-image-2567\" alt=\"\" srcset=\"https:\/\/stelahaus.com\/wp-content\/uploads\/2022\/01\/DJI_0288.jpg 1280w, https:\/\/stelahaus.com\/wp-content\/uploads\/2022\/01\/DJI_0288-300x169.jpg 300w, https:\/\/stelahaus.com\/wp-content\/uploads\/2022\/01\/DJI_0288-1024x576.jpg 1024w, https:\/\/stelahaus.com\/wp-content\/uploads\/2022\/01\/DJI_0288-768x432.jpg 768w\" sizes=\"(max-width: 1280px) 100vw, 1280px\" \/>\t\t\t\t\t\t\t\t<\/a>\n\t\t\t\t\t\t\t\t\t\t\t\t\t\t\t<\/div>\n\t\t\t\t<\/div>\n\t\t\t\t<div class=\"elementor-element elementor-element-04f2b9c uael-img-grid__column-3 uael-img-grid-tablet__column-3 uael-img-grid-mobile__column-2 uael-ins-normal elementor-widget elementor-widget-uael-image-gallery\" data-id=\"04f2b9c\" data-element_type=\"widget\" data-settings=\"{&quot;gallery_columns&quot;:&quot;3&quot;,&quot;gallery_columns_tablet&quot;:&quot;3&quot;,&quot;gallery_columns_mobile&quot;:&quot;2&quot;,&quot;column_gap&quot;:{&quot;unit&quot;:&quot;px&quot;,&quot;size&quot;:20,&quot;sizes&quot;:[]},&quot;column_gap_tablet&quot;:{&quot;unit&quot;:&quot;px&quot;,&quot;size&quot;:&quot;&quot;,&quot;sizes&quot;:[]},&quot;column_gap_mobile&quot;:{&quot;unit&quot;:&quot;px&quot;,&quot;size&quot;:&quot;&quot;,&quot;sizes&quot;:[]},&quot;row_gap&quot;:{&quot;unit&quot;:&quot;px&quot;,&quot;size&quot;:20,&quot;sizes&quot;:[]},&quot;row_gap_tablet&quot;:{&quot;unit&quot;:&quot;px&quot;,&quot;size&quot;:&quot;&quot;,&quot;sizes&quot;:[]},&quot;row_gap_mobile&quot;:{&quot;unit&quot;:&quot;px&quot;,&quot;size&quot;:&quot;&quot;,&quot;sizes&quot;:[]},&quot;images_valign&quot;:&quot;flex-start&quot;}\" data-widget_type=\"uael-image-gallery.default\">\n\t\t\t\t<div class=\"elementor-widget-container\">\n\t\t\t\t\t<div class=\"uael-gallery-parent uael-caption- uael-gallery-unjustified\"><div class=\"uael-img-gallery-wrap uael-img-grid-wrap uael-img-grid-masonry-wrap uael-image-lightbox-wrap\" data-filter-default=\"All\" data-lightbox_actions=\"[&quot;close&quot;]\" data-lightbox-gallery-loop=\"\"><div class=\"uael-grid-item  uael-img-gallery-item-1\"><div class=\"uael-grid-item-content\"><a class=\"uael-grid-img uael-grid-gallery-img uael-ins-hover elementor-clickable\" data-fancybox=\"uael-gallery\" href=\"https:\/\/stelahaus.com\/wp-content\/uploads\/2022\/01\/DJI_0283.jpg\" data-elementor-open-lightbox=\"no\"><div class=\"uael-grid-img-thumbnail uael-ins-target\"><img decoding=\"async\" width=\"1280\" height=\"720\" src=\"https:\/\/stelahaus.com\/wp-content\/uploads\/2022\/01\/DJI_0283.jpg\" class=\"attachment-full size-full wp-image-2575\" alt=\"\" srcset=\"https:\/\/stelahaus.com\/wp-content\/uploads\/2022\/01\/DJI_0283.jpg 1280w, https:\/\/stelahaus.com\/wp-content\/uploads\/2022\/01\/DJI_0283-300x169.jpg 300w, https:\/\/stelahaus.com\/wp-content\/uploads\/2022\/01\/DJI_0283-1024x576.jpg 1024w, https:\/\/stelahaus.com\/wp-content\/uploads\/2022\/01\/DJI_0283-768x432.jpg 768w\" sizes=\"(max-width: 1280px) 100vw, 1280px\" \/><\/div><div class=\"uael-grid-img-overlay\"><\/div><\/a><\/div><\/div><div class=\"uael-grid-item  uael-img-gallery-item-2\"><div class=\"uael-grid-item-content\"><a class=\"uael-grid-img uael-grid-gallery-img uael-ins-hover elementor-clickable\" data-fancybox=\"uael-gallery\" href=\"https:\/\/stelahaus.com\/wp-content\/uploads\/2022\/01\/DJI_0284.jpg\" data-elementor-open-lightbox=\"no\"><div class=\"uael-grid-img-thumbnail uael-ins-target\"><img decoding=\"async\" width=\"1280\" height=\"721\" src=\"https:\/\/stelahaus.com\/wp-content\/uploads\/2022\/01\/DJI_0284.jpg\" class=\"attachment-full size-full wp-image-2576\" alt=\"\" srcset=\"https:\/\/stelahaus.com\/wp-content\/uploads\/2022\/01\/DJI_0284.jpg 1280w, https:\/\/stelahaus.com\/wp-content\/uploads\/2022\/01\/DJI_0284-300x169.jpg 300w, https:\/\/stelahaus.com\/wp-content\/uploads\/2022\/01\/DJI_0284-1024x577.jpg 1024w, https:\/\/stelahaus.com\/wp-content\/uploads\/2022\/01\/DJI_0284-768x433.jpg 768w\" sizes=\"(max-width: 1280px) 100vw, 1280px\" \/><\/div><div class=\"uael-grid-img-overlay\"><\/div><\/a><\/div><\/div><div class=\"uael-grid-item  uael-img-gallery-item-3\"><div class=\"uael-grid-item-content\"><a class=\"uael-grid-img uael-grid-gallery-img uael-ins-hover elementor-clickable\" data-fancybox=\"uael-gallery\" href=\"https:\/\/stelahaus.com\/wp-content\/uploads\/2022\/01\/DJI_0285.jpg\" data-elementor-open-lightbox=\"no\"><div class=\"uael-grid-img-thumbnail uael-ins-target\"><img loading=\"lazy\" decoding=\"async\" width=\"1280\" height=\"721\" src=\"https:\/\/stelahaus.com\/wp-content\/uploads\/2022\/01\/DJI_0285.jpg\" class=\"attachment-full size-full wp-image-2577\" alt=\"\" srcset=\"https:\/\/stelahaus.com\/wp-content\/uploads\/2022\/01\/DJI_0285.jpg 1280w, https:\/\/stelahaus.com\/wp-content\/uploads\/2022\/01\/DJI_0285-300x169.jpg 300w, https:\/\/stelahaus.com\/wp-content\/uploads\/2022\/01\/DJI_0285-1024x577.jpg 1024w, https:\/\/stelahaus.com\/wp-content\/uploads\/2022\/01\/DJI_0285-768x433.jpg 768w\" sizes=\"(max-width: 1280px) 100vw, 1280px\" \/><\/div><div class=\"uael-grid-img-overlay\"><\/div><\/a><\/div><\/div><div class=\"uael-grid-item  uael-img-gallery-item-4\"><div class=\"uael-grid-item-content\"><a class=\"uael-grid-img uael-grid-gallery-img uael-ins-hover elementor-clickable\" data-fancybox=\"uael-gallery\" href=\"https:\/\/stelahaus.com\/wp-content\/uploads\/2022\/01\/DJI_0286.jpg\" data-elementor-open-lightbox=\"no\"><div class=\"uael-grid-img-thumbnail uael-ins-target\"><img loading=\"lazy\" decoding=\"async\" width=\"1280\" height=\"722\" src=\"https:\/\/stelahaus.com\/wp-content\/uploads\/2022\/01\/DJI_0286.jpg\" class=\"attachment-full size-full wp-image-2578\" alt=\"\" srcset=\"https:\/\/stelahaus.com\/wp-content\/uploads\/2022\/01\/DJI_0286.jpg 1280w, https:\/\/stelahaus.com\/wp-content\/uploads\/2022\/01\/DJI_0286-300x169.jpg 300w, https:\/\/stelahaus.com\/wp-content\/uploads\/2022\/01\/DJI_0286-1024x578.jpg 1024w, https:\/\/stelahaus.com\/wp-content\/uploads\/2022\/01\/DJI_0286-768x433.jpg 768w\" sizes=\"(max-width: 1280px) 100vw, 1280px\" \/><\/div><div class=\"uael-grid-img-overlay\"><\/div><\/a><\/div><\/div><div class=\"uael-grid-item  uael-img-gallery-item-5\"><div class=\"uael-grid-item-content\"><a class=\"uael-grid-img uael-grid-gallery-img uael-ins-hover elementor-clickable\" data-fancybox=\"uael-gallery\" href=\"https:\/\/stelahaus.com\/wp-content\/uploads\/2022\/01\/DJI_0290.jpg\" data-elementor-open-lightbox=\"no\"><div class=\"uael-grid-img-thumbnail uael-ins-target\"><img loading=\"lazy\" decoding=\"async\" width=\"1278\" height=\"720\" src=\"https:\/\/stelahaus.com\/wp-content\/uploads\/2022\/01\/DJI_0290.jpg\" class=\"attachment-full size-full wp-image-2580\" alt=\"\" srcset=\"https:\/\/stelahaus.com\/wp-content\/uploads\/2022\/01\/DJI_0290.jpg 1278w, https:\/\/stelahaus.com\/wp-content\/uploads\/2022\/01\/DJI_0290-300x169.jpg 300w, https:\/\/stelahaus.com\/wp-content\/uploads\/2022\/01\/DJI_0290-1024x577.jpg 1024w, https:\/\/stelahaus.com\/wp-content\/uploads\/2022\/01\/DJI_0290-768x433.jpg 768w\" sizes=\"(max-width: 1278px) 100vw, 1278px\" \/><\/div><div class=\"uael-grid-img-overlay\"><\/div><\/a><\/div><\/div><div class=\"uael-grid-item  uael-img-gallery-item-6\"><div class=\"uael-grid-item-content\"><a class=\"uael-grid-img uael-grid-gallery-img uael-ins-hover elementor-clickable\" data-fancybox=\"uael-gallery\" href=\"https:\/\/stelahaus.com\/wp-content\/uploads\/2022\/01\/DJI_0280.jpg\" data-elementor-open-lightbox=\"no\"><div class=\"uael-grid-img-thumbnail uael-ins-target\"><img loading=\"lazy\" decoding=\"async\" width=\"1280\" height=\"721\" src=\"https:\/\/stelahaus.com\/wp-content\/uploads\/2022\/01\/DJI_0280.jpg\" class=\"attachment-full size-full wp-image-2573\" alt=\"\" srcset=\"https:\/\/stelahaus.com\/wp-content\/uploads\/2022\/01\/DJI_0280.jpg 1280w, https:\/\/stelahaus.com\/wp-content\/uploads\/2022\/01\/DJI_0280-300x169.jpg 300w, https:\/\/stelahaus.com\/wp-content\/uploads\/2022\/01\/DJI_0280-1024x577.jpg 1024w, https:\/\/stelahaus.com\/wp-content\/uploads\/2022\/01\/DJI_0280-768x433.jpg 768w\" sizes=\"(max-width: 1280px) 100vw, 1280px\" \/><\/div><div class=\"uael-grid-img-overlay\"><\/div><\/a><\/div><\/div><div class=\"uael-grid-item  uael-img-gallery-item-7\"><div class=\"uael-grid-item-content\"><a class=\"uael-grid-img uael-grid-gallery-img uael-ins-hover elementor-clickable\" data-fancybox=\"uael-gallery\" href=\"https:\/\/stelahaus.com\/wp-content\/uploads\/2022\/01\/viber_image_2022-01-27_22-04-54-652.jpg\" data-elementor-open-lightbox=\"no\"><div class=\"uael-grid-img-thumbnail uael-ins-target\"><img loading=\"lazy\" decoding=\"async\" width=\"1280\" height=\"720\" src=\"https:\/\/stelahaus.com\/wp-content\/uploads\/2022\/01\/viber_image_2022-01-27_22-04-54-652.jpg\" class=\"attachment-full size-full wp-image-2620\" alt=\"\" srcset=\"https:\/\/stelahaus.com\/wp-content\/uploads\/2022\/01\/viber_image_2022-01-27_22-04-54-652.jpg 1280w, https:\/\/stelahaus.com\/wp-content\/uploads\/2022\/01\/viber_image_2022-01-27_22-04-54-652-300x169.jpg 300w, https:\/\/stelahaus.com\/wp-content\/uploads\/2022\/01\/viber_image_2022-01-27_22-04-54-652-1024x576.jpg 1024w, https:\/\/stelahaus.com\/wp-content\/uploads\/2022\/01\/viber_image_2022-01-27_22-04-54-652-768x432.jpg 768w\" sizes=\"(max-width: 1280px) 100vw, 1280px\" \/><\/div><div class=\"uael-grid-img-overlay\"><\/div><\/a><\/div><\/div><\/div><\/div>\t\t\t\t<\/div>\n\t\t\t\t<\/div>\n\t\t\t\t\t<\/div>\n\t\t<\/div>\n\t\t\t\t\t<\/div>\n\t\t<\/section>\n\t\t\t\t<\/div>\n\t\t","protected":false},"excerpt":{"rendered":"<p>Project Gomboc<\/p>\n","protected":false},"author":1,"featured_media":0,"parent":0,"menu_order":0,"comment_status":"closed","ping_status":"closed","template":"","meta":{"ocean_post_layout":"full-screen","ocean_both_sidebars_style":"","ocean_both_sidebars_content_width":0,"ocean_both_sidebars_sidebars_width":0,"ocean_sidebar":"0","ocean_second_sidebar":"0","ocean_disable_margins":"on","ocean_add_body_class":"","ocean_shortcode_before_top_bar":"","ocean_shortcode_after_top_bar":"","ocean_shortcode_before_header":"","ocean_shortcode_after_header":"","ocean_has_shortcode":"","ocean_shortcode_after_title":"","ocean_shortcode_before_footer_widgets":"","ocean_shortcode_after_footer_widgets":"","ocean_shortcode_before_footer_bottom":"","ocean_shortcode_after_footer_bottom":"","ocean_display_top_bar":"default","ocean_display_header":"default","ocean_header_style":"transparent","ocean_center_header_left_menu":"0","ocean_custom_header_template":"0","ocean_custom_logo":0,"ocean_custom_retina_logo":0,"ocean_custom_logo_max_width":0,"ocean_custom_logo_tablet_max_width":0,"ocean_custom_logo_mobile_max_width":0,"ocean_custom_logo_max_height":0,"ocean_custom_logo_tablet_max_height":0,"ocean_custom_logo_mobile_max_height":0,"ocean_header_custom_menu":"0","ocean_menu_typo_font_family":"0","ocean_menu_typo_font_subset":"","ocean_menu_typo_font_size":0,"ocean_menu_typo_font_size_tablet":0,"ocean_menu_typo_font_size_mobile":0,"ocean_menu_typo_font_size_unit":"px","ocean_menu_typo_font_weight":"","ocean_menu_typo_font_weight_tablet":"","ocean_menu_typo_font_weight_mobile":"","ocean_menu_typo_transform":"","ocean_menu_typo_transform_tablet":"","ocean_menu_typo_transform_mobile":"","ocean_menu_typo_line_height":0,"ocean_menu_typo_line_height_tablet":0,"ocean_menu_typo_line_height_mobile":0,"ocean_menu_typo_line_height_unit":"","ocean_menu_typo_spacing":0,"ocean_menu_typo_spacing_tablet":0,"ocean_menu_typo_spacing_mobile":0,"ocean_menu_typo_spacing_unit":"","ocean_menu_link_color":"","ocean_menu_link_color_hover":"","ocean_menu_link_color_active":"","ocean_menu_link_background":"","ocean_menu_link_hover_background":"","ocean_menu_link_active_background":"","ocean_menu_social_links_bg":"","ocean_menu_social_hover_links_bg":"","ocean_menu_social_links_color":"","ocean_menu_social_hover_links_color":"","ocean_disable_title":"on","ocean_disable_heading":"default","ocean_post_title":"","ocean_post_subheading":"","ocean_post_title_style":"","ocean_post_title_background_color":"","ocean_post_title_background":0,"ocean_post_title_bg_image_position":"","ocean_post_title_bg_image_attachment":"","ocean_post_title_bg_image_repeat":"","ocean_post_title_bg_image_size":"","ocean_post_title_height":0,"ocean_post_title_bg_overlay":0.5,"ocean_post_title_bg_overlay_color":"","ocean_disable_breadcrumbs":"default","ocean_breadcrumbs_color":"","ocean_breadcrumbs_separator_color":"","ocean_breadcrumbs_links_color":"","ocean_breadcrumbs_links_hover_color":"","ocean_display_footer_widgets":"default","ocean_display_footer_bottom":"default","ocean_custom_footer_template":"0","footnotes":""},"class_list":["post-2571","page","type-page","status-publish","hentry","entry"],"yoast_head":"<!-- This site is optimized with the Yoast SEO plugin v26.6 - https:\/\/yoast.com\/wordpress\/plugins\/seo\/ -->\n<title>Stela Haus d.o.o. \u2013 Monta\u017ene hi\u0161e po meri | Nizkoenergijska gradnja<\/title>\n<meta name=\"description\" content=\"Stela Haus d.o.o. na\u010drtuje, proizvaja in montira visokokakovostne monta\u017ene hi\u0161e po meri. Specializirani smo za nizkoenergijske in pasivne domove, ki zdru\u017eujejo sodoben dizajn, trajnost in udobje.\" \/>\n<meta name=\"robots\" content=\"index, follow, max-snippet:-1, max-image-preview:large, max-video-preview:-1\" \/>\n<link rel=\"canonical\" href=\"https:\/\/stelahaus.com\/en\/project-gomboc\/\" \/>\n<meta property=\"og:locale\" content=\"en_US\" \/>\n<meta property=\"og:type\" content=\"article\" \/>\n<meta property=\"og:title\" content=\"Stela Haus d.o.o. \u2013 Monta\u017ene hi\u0161e po meri | Nizkoenergijska gradnja\" \/>\n<meta property=\"og:description\" content=\"Stela Haus d.o.o. na\u010drtuje, proizvaja in montira visokokakovostne monta\u017ene hi\u0161e po meri. Specializirani smo za nizkoenergijske in pasivne domove, ki zdru\u017eujejo sodoben dizajn, trajnost in udobje.\" \/>\n<meta property=\"og:url\" content=\"https:\/\/stelahaus.com\/en\/project-gomboc\/\" \/>\n<meta property=\"og:site_name\" content=\"Monta\u017ene Hi\u0161e - Stela Haus\" \/>\n<meta property=\"article:publisher\" content=\"https:\/\/www.facebook.com\/stelahausslovenija\" \/>\n<meta property=\"article:modified_time\" content=\"2022-01-27T21:07:21+00:00\" \/>\n<meta property=\"og:image\" content=\"https:\/\/stelahaus.com\/wp-content\/uploads\/2022\/01\/DJI_0288.jpg\" \/>\n<meta name=\"twitter:card\" content=\"summary_large_image\" \/>\n<script type=\"application\/ld+json\" class=\"yoast-schema-graph\">{\"@context\":\"https:\/\/schema.org\",\"@graph\":[{\"@type\":\"WebPage\",\"@id\":\"https:\/\/stelahaus.com\/project-gomboc\/\",\"url\":\"https:\/\/stelahaus.com\/project-gomboc\/\",\"name\":\"Stela Haus d.o.o. \u2013 Monta\u017ene hi\u0161e po meri | Nizkoenergijska gradnja\",\"isPartOf\":{\"@id\":\"https:\/\/stelahaus.com\/hr\/#website\"},\"primaryImageOfPage\":{\"@id\":\"https:\/\/stelahaus.com\/project-gomboc\/#primaryimage\"},\"image\":{\"@id\":\"https:\/\/stelahaus.com\/project-gomboc\/#primaryimage\"},\"thumbnailUrl\":\"https:\/\/stelahaus.com\/wp-content\/uploads\/2022\/01\/DJI_0288.jpg\",\"datePublished\":\"2022-01-27T20:50:20+00:00\",\"dateModified\":\"2022-01-27T21:07:21+00:00\",\"description\":\"Stela Haus d.o.o. na\u010drtuje, proizvaja in montira visokokakovostne monta\u017ene hi\u0161e po meri. Specializirani smo za nizkoenergijske in pasivne domove, ki zdru\u017eujejo sodoben dizajn, trajnost in udobje.\",\"breadcrumb\":{\"@id\":\"https:\/\/stelahaus.com\/project-gomboc\/#breadcrumb\"},\"inLanguage\":\"en-US\",\"potentialAction\":[{\"@type\":\"ReadAction\",\"target\":[\"https:\/\/stelahaus.com\/project-gomboc\/\"]}]},{\"@type\":\"ImageObject\",\"inLanguage\":\"en-US\",\"@id\":\"https:\/\/stelahaus.com\/project-gomboc\/#primaryimage\",\"url\":\"https:\/\/stelahaus.com\/wp-content\/uploads\/2022\/01\/DJI_0288.jpg\",\"contentUrl\":\"https:\/\/stelahaus.com\/wp-content\/uploads\/2022\/01\/DJI_0288.jpg\"},{\"@type\":\"BreadcrumbList\",\"@id\":\"https:\/\/stelahaus.com\/project-gomboc\/#breadcrumb\",\"itemListElement\":[{\"@type\":\"ListItem\",\"position\":1,\"name\":\"Home\",\"item\":\"https:\/\/stelahaus.com\/en\/\"},{\"@type\":\"ListItem\",\"position\":2,\"name\":\"Project Gomboc\"}]},{\"@type\":\"WebSite\",\"@id\":\"https:\/\/stelahaus.com\/hr\/#website\",\"url\":\"https:\/\/stelahaus.com\/hr\/\",\"name\":\"Stela Haus\",\"description\":\"Stela Haus d.o.o. na\u010drtuje, proizvaja in montira visokokakovostne monta\u017ene hi\u0161e po meri. Specializirani smo za nizkoenergijske in pasivne domove, ki zdru\u017eujejo sodoben dizajn, trajnost in udobje.\",\"publisher\":{\"@id\":\"https:\/\/stelahaus.com\/hr\/#organization\"},\"potentialAction\":[{\"@type\":\"SearchAction\",\"target\":{\"@type\":\"EntryPoint\",\"urlTemplate\":\"https:\/\/stelahaus.com\/hr\/?s={search_term_string}\"},\"query-input\":{\"@type\":\"PropertyValueSpecification\",\"valueRequired\":true,\"valueName\":\"search_term_string\"}}],\"inLanguage\":\"en-US\"},{\"@type\":\"Organization\",\"@id\":\"https:\/\/stelahaus.com\/hr\/#organization\",\"name\":\"Stela Haus\",\"url\":\"https:\/\/stelahaus.com\/hr\/\",\"logo\":{\"@type\":\"ImageObject\",\"inLanguage\":\"en-US\",\"@id\":\"https:\/\/stelahaus.com\/hr\/#\/schema\/logo\/image\/\",\"url\":\"https:\/\/stelahaus.com\/wp-content\/uploads\/2022\/02\/Stela-haus-FINAL-LOGO-02.svg\",\"contentUrl\":\"https:\/\/stelahaus.com\/wp-content\/uploads\/2022\/02\/Stela-haus-FINAL-LOGO-02.svg\",\"caption\":\"Stela Haus\"},\"image\":{\"@id\":\"https:\/\/stelahaus.com\/hr\/#\/schema\/logo\/image\/\"},\"sameAs\":[\"https:\/\/www.facebook.com\/stelahausslovenija\",\"https:\/\/www.linkedin.com\/company\/stela-haus\"]}]}<\/script>\n<!-- \/ Yoast SEO plugin. -->","yoast_head_json":{"title":"Stela Haus d.o.o. \u2013 Monta\u017ene hi\u0161e po meri | Nizkoenergijska gradnja","description":"Stela Haus d.o.o. na\u010drtuje, proizvaja in montira visokokakovostne monta\u017ene hi\u0161e po meri. Specializirani smo za nizkoenergijske in pasivne domove, ki zdru\u017eujejo sodoben dizajn, trajnost in udobje.","robots":{"index":"index","follow":"follow","max-snippet":"max-snippet:-1","max-image-preview":"max-image-preview:large","max-video-preview":"max-video-preview:-1"},"canonical":"https:\/\/stelahaus.com\/en\/project-gomboc\/","og_locale":"en_US","og_type":"article","og_title":"Stela Haus d.o.o. \u2013 Monta\u017ene hi\u0161e po meri | Nizkoenergijska gradnja","og_description":"Stela Haus d.o.o. na\u010drtuje, proizvaja in montira visokokakovostne monta\u017ene hi\u0161e po meri. Specializirani smo za nizkoenergijske in pasivne domove, ki zdru\u017eujejo sodoben dizajn, trajnost in udobje.","og_url":"https:\/\/stelahaus.com\/en\/project-gomboc\/","og_site_name":"Monta\u017ene Hi\u0161e - Stela Haus","article_publisher":"https:\/\/www.facebook.com\/stelahausslovenija","article_modified_time":"2022-01-27T21:07:21+00:00","og_image":[{"url":"https:\/\/stelahaus.com\/wp-content\/uploads\/2022\/01\/DJI_0288.jpg","type":"","width":"","height":""}],"twitter_card":"summary_large_image","schema":{"@context":"https:\/\/schema.org","@graph":[{"@type":"WebPage","@id":"https:\/\/stelahaus.com\/project-gomboc\/","url":"https:\/\/stelahaus.com\/project-gomboc\/","name":"Stela Haus d.o.o. \u2013 Monta\u017ene hi\u0161e po meri | Nizkoenergijska gradnja","isPartOf":{"@id":"https:\/\/stelahaus.com\/hr\/#website"},"primaryImageOfPage":{"@id":"https:\/\/stelahaus.com\/project-gomboc\/#primaryimage"},"image":{"@id":"https:\/\/stelahaus.com\/project-gomboc\/#primaryimage"},"thumbnailUrl":"https:\/\/stelahaus.com\/wp-content\/uploads\/2022\/01\/DJI_0288.jpg","datePublished":"2022-01-27T20:50:20+00:00","dateModified":"2022-01-27T21:07:21+00:00","description":"Stela Haus d.o.o. na\u010drtuje, proizvaja in montira visokokakovostne monta\u017ene hi\u0161e po meri. Specializirani smo za nizkoenergijske in pasivne domove, ki zdru\u017eujejo sodoben dizajn, trajnost in udobje.","breadcrumb":{"@id":"https:\/\/stelahaus.com\/project-gomboc\/#breadcrumb"},"inLanguage":"en-US","potentialAction":[{"@type":"ReadAction","target":["https:\/\/stelahaus.com\/project-gomboc\/"]}]},{"@type":"ImageObject","inLanguage":"en-US","@id":"https:\/\/stelahaus.com\/project-gomboc\/#primaryimage","url":"https:\/\/stelahaus.com\/wp-content\/uploads\/2022\/01\/DJI_0288.jpg","contentUrl":"https:\/\/stelahaus.com\/wp-content\/uploads\/2022\/01\/DJI_0288.jpg"},{"@type":"BreadcrumbList","@id":"https:\/\/stelahaus.com\/project-gomboc\/#breadcrumb","itemListElement":[{"@type":"ListItem","position":1,"name":"Home","item":"https:\/\/stelahaus.com\/en\/"},{"@type":"ListItem","position":2,"name":"Project Gomboc"}]},{"@type":"WebSite","@id":"https:\/\/stelahaus.com\/hr\/#website","url":"https:\/\/stelahaus.com\/hr\/","name":"Stela Haus","description":"Stela Haus d.o.o. na\u010drtuje, proizvaja in montira visokokakovostne monta\u017ene hi\u0161e po meri. Specializirani smo za nizkoenergijske in pasivne domove, ki zdru\u017eujejo sodoben dizajn, trajnost in udobje.","publisher":{"@id":"https:\/\/stelahaus.com\/hr\/#organization"},"potentialAction":[{"@type":"SearchAction","target":{"@type":"EntryPoint","urlTemplate":"https:\/\/stelahaus.com\/hr\/?s={search_term_string}"},"query-input":{"@type":"PropertyValueSpecification","valueRequired":true,"valueName":"search_term_string"}}],"inLanguage":"en-US"},{"@type":"Organization","@id":"https:\/\/stelahaus.com\/hr\/#organization","name":"Stela Haus","url":"https:\/\/stelahaus.com\/hr\/","logo":{"@type":"ImageObject","inLanguage":"en-US","@id":"https:\/\/stelahaus.com\/hr\/#\/schema\/logo\/image\/","url":"https:\/\/stelahaus.com\/wp-content\/uploads\/2022\/02\/Stela-haus-FINAL-LOGO-02.svg","contentUrl":"https:\/\/stelahaus.com\/wp-content\/uploads\/2022\/02\/Stela-haus-FINAL-LOGO-02.svg","caption":"Stela Haus"},"image":{"@id":"https:\/\/stelahaus.com\/hr\/#\/schema\/logo\/image\/"},"sameAs":["https:\/\/www.facebook.com\/stelahausslovenija","https:\/\/www.linkedin.com\/company\/stela-haus"]}]}},"_links":{"self":[{"href":"https:\/\/stelahaus.com\/en\/wp-json\/wp\/v2\/pages\/2571","targetHints":{"allow":["GET"]}}],"collection":[{"href":"https:\/\/stelahaus.com\/en\/wp-json\/wp\/v2\/pages"}],"about":[{"href":"https:\/\/stelahaus.com\/en\/wp-json\/wp\/v2\/types\/page"}],"author":[{"embeddable":true,"href":"https:\/\/stelahaus.com\/en\/wp-json\/wp\/v2\/users\/1"}],"replies":[{"embeddable":true,"href":"https:\/\/stelahaus.com\/en\/wp-json\/wp\/v2\/comments?post=2571"}],"version-history":[{"count":0,"href":"https:\/\/stelahaus.com\/en\/wp-json\/wp\/v2\/pages\/2571\/revisions"}],"wp:attachment":[{"href":"https:\/\/stelahaus.com\/en\/wp-json\/wp\/v2\/media?parent=2571"}],"curies":[{"name":"wp","href":"https:\/\/api.w.org\/{rel}","templated":true}]}}